{"id":57,"date":"2022-01-25T08:37:27","date_gmt":"2022-01-25T07:37:27","guid":{"rendered":"http:\/\/zygnarowski.dkonto.pl\/?page_id=57"},"modified":"2022-02-19T21:15:52","modified_gmt":"2022-02-19T20:15:52","slug":"wabrzeznobeztajemnic","status":"publish","type":"page","link":"https:\/\/zygnarowski.dkonto.pl\/index.php\/wabrzeznobeztajemnic\/","title":{"rendered":"W\u0105brze\u017anoBezTajemnic"},"content":{"rendered":"\n<div class=\"wp-block-media-text alignwide is-stacked-on-mobile\" style=\"grid-template-columns:25% auto\"><figure class=\"wp-block-media-text__media\"><img loading=\"lazy\" decoding=\"async\" width=\"645\" height=\"907\" src=\"http:\/\/zygnarowski.dkonto.pl\/wp-content\/uploads\/2022\/01\/WabrzeznoBezTajemnic-nr-2.jpg\" alt=\"\" class=\"wp-image-244 size-full\" srcset=\"https:\/\/zygnarowski.dkonto.pl\/wp-content\/uploads\/2022\/01\/WabrzeznoBezTajemnic-nr-2.jpg 645w, https:\/\/zygnarowski.dkonto.pl\/wp-content\/uploads\/2022\/01\/WabrzeznoBezTajemnic-nr-2-213x300.jpg 213w\" sizes=\"auto, (max-width: 645px) 100vw, 645px\" \/><\/figure><div class=\"wp-block-media-text__content\">\n<p>Drugi numer czasopisma, a w nim m.in. nast\u0119puj\u0105ce tematy:<\/p>\n\n\n\n<ul class=\"wp-block-list\"><li>Wywiad z Burmistrzem W\u0105brze\u017ana<\/li><li>Ponad 11 milion\u00f3w z\u0142otych na inwestycje drogowe<\/li><li>Wyniki bud\u017cetu obywatelskiego<\/li><li>W W\u0105brze\u017anie przyb\u0119dzie tanich mieszka\u0144<\/li><li>Przebudowa ulicy Grabowej, Polnej i Osiedle Robotnicze w przysz\u0142ym roku<br><br>&#8230; oraz wiele innych temat\u00f3w.<br><br>Zapraszam do lektury.<\/li><\/ul>\n\n\n\n<div class=\"wp-block-buttons is-layout-flex wp-block-buttons-is-layout-flex\">\n<div class=\"wp-block-button\"><a class=\"wp-block-button__link\" href=\"\" target=\"_blank\" rel=\"noreferrer noopener\">POBIERZ NUMER 2\/2021<\/a><\/div>\n<\/div>\n<\/div><\/div>\n\n\n\n<hr class=\"wp-block-separator has-text-color has-background has-dark-blue-background-color has-dark-blue-color is-style-wide\"\/>\n\n\n\n<div class=\"wp-block-media-text alignwide is-stacked-on-mobile\" style=\"grid-template-columns:25% auto\"><figure class=\"wp-block-media-text__media\"><img loading=\"lazy\" decoding=\"async\" width=\"697\" height=\"978\" src=\"http:\/\/zygnarowski.dkonto.pl\/wp-content\/uploads\/2022\/01\/WabrzeznoBezTajemnic-nr-1.jpg\" alt=\"\" class=\"wp-image-246 size-full\" srcset=\"https:\/\/zygnarowski.dkonto.pl\/wp-content\/uploads\/2022\/01\/WabrzeznoBezTajemnic-nr-1.jpg 697w, https:\/\/zygnarowski.dkonto.pl\/wp-content\/uploads\/2022\/01\/WabrzeznoBezTajemnic-nr-1-214x300.jpg 214w\" sizes=\"auto, (max-width: 697px) 100vw, 697px\" \/><\/figure><div class=\"wp-block-media-text__content\">\n<p>Pierwszy numer czasopisma, a w nim m.in. nast\u0119puj\u0105ce tematy:<\/p>\n\n\n\n<ul class=\"wp-block-list\"><li>Uroczyste otwarcie w\u0105brzeskiej przystani<\/li><li>Ulica Jeziorna przechodzi transformacj\u0119<\/li><li>W\u0105brze\u017ano ma nowy herb, now\u0105 flag\u0119 i nowe piecz\u0119cie<\/li><li>10 lat festiwalu turystycznego<\/li><li>Podsumowanie wakacji<br><br>&#8230; oraz wiele innych temat\u00f3w.<br><br>Zapraszam do lektury.<\/li><\/ul>\n\n\n\n<div class=\"wp-block-buttons is-layout-flex wp-block-buttons-is-layout-flex\">\n<div class=\"wp-block-button\"><a class=\"wp-block-button__link\" href=\"\" target=\"_blank\" rel=\"noreferrer noopener\">POBIERZ NUMER 1\/2021<\/a><\/div>\n<\/div>\n<\/div><\/div>\n","protected":false},"excerpt":{"rendered":"","protected":false},"author":1,"featured_media":455,"parent":0,"menu_order":0,"comment_status":"closed","ping_status":"closed","template":"","meta":{"footnotes":""},"class_list":["post-57","page","type-page","status-publish","has-post-thumbnail","hentry"],"_links":{"self":[{"href":"https:\/\/zygnarowski.dkonto.pl\/index.php\/wp-json\/wp\/v2\/pages\/57","targetHints":{"allow":["GET"]}}],"collection":[{"href":"https:\/\/zygnarowski.dkonto.pl\/index.php\/wp-json\/wp\/v2\/pages"}],"about":[{"href":"https:\/\/zygnarowski.dkonto.pl\/index.php\/wp-json\/wp\/v2\/types\/page"}],"author":[{"embeddable":true,"href":"https:\/\/zygnarowski.dkonto.pl\/index.php\/wp-json\/wp\/v2\/users\/1"}],"replies":[{"embeddable":true,"href":"https:\/\/zygnarowski.dkonto.pl\/index.php\/wp-json\/wp\/v2\/comments?post=57"}],"version-history":[{"count":9,"href":"https:\/\/zygnarowski.dkonto.pl\/index.php\/wp-json\/wp\/v2\/pages\/57\/revisions"}],"predecessor-version":[{"id":485,"href":"https:\/\/zygnarowski.dkonto.pl\/index.php\/wp-json\/wp\/v2\/pages\/57\/revisions\/485"}],"wp:featuredmedia":[{"embeddable":true,"href":"https:\/\/zygnarowski.dkonto.pl\/index.php\/wp-json\/wp\/v2\/media\/455"}],"wp:attachment":[{"href":"https:\/\/zygnarowski.dkonto.pl\/index.php\/wp-json\/wp\/v2\/media?parent=57"}],"curies":[{"name":"wp","href":"https:\/\/api.w.org\/{rel}","templated":true}]}}