{"id":24,"date":"2022-01-25T07:48:38","date_gmt":"2022-01-25T06:48:38","guid":{"rendered":"http:\/\/zygnarowski.dkonto.pl\/?page_id=24"},"modified":"2022-01-27T08:37:15","modified_gmt":"2022-01-27T07:37:15","slug":"numer-1-2021","status":"publish","type":"page","link":"https:\/\/zygnarowski.dkonto.pl\/index.php\/numer-1-2021\/","title":{"rendered":"Numer 1\/2021"},"content":{"rendered":"\n<!--more-->\n\n\n\n<div class=\"wp-block-media-text alignwide is-stacked-on-mobile\" style=\"grid-template-columns:25% auto\"><figure class=\"wp-block-media-text__media\"><img loading=\"lazy\" decoding=\"async\" width=\"697\" height=\"978\" src=\"http:\/\/zygnarowski.dkonto.pl\/wp-content\/uploads\/2022\/01\/WabrzeznoBezTajemnic-nr-1-2.jpg\" alt=\"\" class=\"wp-image-274 size-full\" srcset=\"https:\/\/zygnarowski.dkonto.pl\/wp-content\/uploads\/2022\/01\/WabrzeznoBezTajemnic-nr-1-2.jpg 697w, https:\/\/zygnarowski.dkonto.pl\/wp-content\/uploads\/2022\/01\/WabrzeznoBezTajemnic-nr-1-2-214x300.jpg 214w\" sizes=\"auto, (max-width: 697px) 100vw, 697px\" \/><\/figure><div class=\"wp-block-media-text__content\">\n<p>Pierwszy numer czasopisma, a w nim m.in. nast\u0119puj\u0105ce tematy:<\/p>\n\n\n\n<ul class=\"wp-block-list\"><li>Uroczyste otwarcie w\u0105brzeskiej przystani<\/li><li>Ulica Jeziorna przechodzi transformacj\u0119<\/li><li>W\u0105brze\u017ano ma nowy herb, now\u0105 flag\u0119 i nowe piecz\u0119cie<\/li><li>10 lat festiwalu turystycznego<\/li><li>Podsumowanie wakacji<br><br>&#8230; oraz wiele wiele innych temat\u00f3w.<br><br>Zapraszam do lektury.<\/li><\/ul>\n\n\n\n<div class=\"wp-block-buttons is-layout-flex wp-block-buttons-is-layout-flex\">\n<div class=\"wp-block-button\"><a class=\"wp-block-button__link\" href=\"http:\/\/zygnarowski.dkonto.pl\/wp-content\/uploads\/2022\/01\/WBT-numer-1.pdf\" target=\"_blank\" rel=\"noreferrer noopener\">pobierz numer 1\/2021<\/a><\/div>\n<\/div>\n<\/div><\/div>\n","protected":false},"excerpt":{"rendered":"","protected":false},"author":1,"featured_media":246,"parent":0,"menu_order":0,"comment_status":"closed","ping_status":"closed","template":"","meta":{"footnotes":""},"class_list":["post-24","page","type-page","status-publish","has-post-thumbnail","hentry"],"_links":{"self":[{"href":"https:\/\/zygnarowski.dkonto.pl\/index.php\/wp-json\/wp\/v2\/pages\/24","targetHints":{"allow":["GET"]}}],"collection":[{"href":"https:\/\/zygnarowski.dkonto.pl\/index.php\/wp-json\/wp\/v2\/pages"}],"about":[{"href":"https:\/\/zygnarowski.dkonto.pl\/index.php\/wp-json\/wp\/v2\/types\/page"}],"author":[{"embeddable":true,"href":"https:\/\/zygnarowski.dkonto.pl\/index.php\/wp-json\/wp\/v2\/users\/1"}],"replies":[{"embeddable":true,"href":"https:\/\/zygnarowski.dkonto.pl\/index.php\/wp-json\/wp\/v2\/comments?post=24"}],"version-history":[{"count":16,"href":"https:\/\/zygnarowski.dkonto.pl\/index.php\/wp-json\/wp\/v2\/pages\/24\/revisions"}],"predecessor-version":[{"id":480,"href":"https:\/\/zygnarowski.dkonto.pl\/index.php\/wp-json\/wp\/v2\/pages\/24\/revisions\/480"}],"wp:featuredmedia":[{"embeddable":true,"href":"https:\/\/zygnarowski.dkonto.pl\/index.php\/wp-json\/wp\/v2\/media\/246"}],"wp:attachment":[{"href":"https:\/\/zygnarowski.dkonto.pl\/index.php\/wp-json\/wp\/v2\/media?parent=24"}],"curies":[{"name":"wp","href":"https:\/\/api.w.org\/{rel}","templated":true}]}}