{"id":188,"date":"2022-01-25T20:32:06","date_gmt":"2022-01-25T19:32:06","guid":{"rendered":"http:\/\/zygnarowski.dkonto.pl\/?page_id=188"},"modified":"2022-02-01T14:08:55","modified_gmt":"2022-02-01T13:08:55","slug":"kilka-slow-o-mnie","status":"publish","type":"page","link":"https:\/\/zygnarowski.dkonto.pl\/index.php\/kilka-slow-o-mnie\/","title":{"rendered":"Kilka s\u0142\u00f3w o mnie"},"content":{"rendered":"<p><img loading=\"lazy\" decoding=\"async\" class=\" wp-image-31 alignleft\" src=\"http:\/\/zygnarowski.dkonto.pl\/wp-content\/uploads\/2022\/01\/Na-zdjeciu-burmistrz-Wabrzezna-Tomasz-Zygnarowski.-Fot.-UM-625x469-1-300x225.jpg\" alt=\"\" width=\"386\" height=\"289\" srcset=\"https:\/\/zygnarowski.dkonto.pl\/wp-content\/uploads\/2022\/01\/Na-zdjeciu-burmistrz-Wabrzezna-Tomasz-Zygnarowski.-Fot.-UM-625x469-1-300x225.jpg 300w, https:\/\/zygnarowski.dkonto.pl\/wp-content\/uploads\/2022\/01\/Na-zdjeciu-burmistrz-Wabrzezna-Tomasz-Zygnarowski.-Fot.-UM-625x469-1-440x330.jpg 440w, https:\/\/zygnarowski.dkonto.pl\/wp-content\/uploads\/2022\/01\/Na-zdjeciu-burmistrz-Wabrzezna-Tomasz-Zygnarowski.-Fot.-UM-625x469-1.jpg 625w\" sizes=\"auto, (max-width: 386px) 100vw, 386px\" \/>\u017byj\u0119 i mieszkam w W\u0105brze\u017anie od ponad 40 lat &#8211; tu jest m\u00f3j dom, tu si\u0119 wychowa\u0142em i dorasta\u0142em, tu za\u0142o\u017cy\u0142em rodzin\u0119 i teraz wychowuj\u0119 moje dzieci &#8211; Zosi\u0119 (14 lat) i Julka (8 lat).<\/p>\n<p style=\"text-align: justify;\">Zawsze bardzo bliskie mi by\u0142y w\u0105brzeskie sprawy, wi\u0119c od wielu ju\u017c lat anga\u017cuj\u0119 si\u0119 w nasze lokalne \u017cycie. W 2018 r. podj\u0105\u0142em decyzj\u0119 kandydowania na burmistrza W\u0105brze\u017ana, poniewa\u017c chcia\u0142em zmieni\u0107 nasze miasto &#8211; w\u0142\u0105czy\u0107 w proces zarz\u0105dzania nim mieszka\u0144c\u00f3w, pokaza\u0107 W\u0105brze\u017anianom, \u017ce to ich miasto, \u017ce maj\u0105 na nie wp\u0142yw.<\/p>\n<p style=\"text-align: justify;\">Dzi\u0119ki zaufaniu mieszka\u0144c\u00f3w, ponad 3 lata temu wprowadzi\u0142em do W\u0105brze\u017ana inny model zarz\u0105dzania miastem oparty o transparentno\u015b\u0107, jawno\u015b\u0107 i partycypacj\u0119. Rozwi\u0105za\u0142em problemy braku mieszka\u0144, braku miejsc do wypoczynku czy dobrej oferty kulturalno-sportowej. Dzi\u0119ki wsparciu i zaanga\u017cowaniu mieszka\u0144c\u00f3w, ka\u017cdego dnia podejmujemy si\u0119 realizacji kolejnych inwestycji i przedsi\u0119wzi\u0119\u0107, kt\u00f3re zmieniaj\u0105 nasze miasto na lepsze, na bardziej komfortowe i przyjazne do \u017cycia, nauki, pracy czy wypoczynku.<\/p>\n<p style=\"text-align: justify;\">Najwi\u0119ksz\u0105 warto\u015bci\u0105 mojej pracy jest dobry kontakt z mieszka\u0144cami &#8211; bardzo si\u0119 ciesz\u0119, kiedy to W\u0105brze\u017anianie inicjuj\u0105 kolejne wa\u017cne projekty w naszym mie\u015bcie, kiedy zg\u0142aszaj\u0105 si\u0119 do mnie ze swoimi pomys\u0142ami, bo nie ma z\u0142ych pomys\u0142\u00f3w i ka\u017cdy ma prawo wypowiedzenia si\u0119 w na temat miasta, w kt\u00f3rym \u017cyje. Lubi\u0119 s\u0142ucha\u0107 tego, co m\u00f3wi\u0105 do mnie mieszka\u0144cy i drzwi do mojego gabinetu s\u0105 zawsze dla nich otwarte.<\/p>\n<p style=\"text-align: justify;\">A nieko\u0144cz\u0105ce si\u0119 pomys\u0142y mieszka\u0144c\u00f3w dostarczaj\u0105 mi ci\u0105g\u0142e paliwo do pracy i z wielk\u0105 rado\u015bci\u0105 ka\u017cdego dnia zabieram si\u0119 za realizacj\u0119 kolejnych zamierze\u0144, kt\u00f3re sprawiaj\u0105, \u017ce w W\u0105brze\u017anie chce si\u0119 bardziej \u017cy\u0107! Wsp\u00f3lnie ka\u017cdego dnia zmieniamy W\u0105brze\u017ano, bo chcemy by\u0107 z niego DUMNI!<\/p>\n<p>\u00a0<\/p>\n\n\n<p><\/p>\n","protected":false},"excerpt":{"rendered":"<p>\u017byj\u0119 i mieszkam w W\u0105brze\u017anie od ponad 40 lat &#8211; tu jest m\u00f3j dom, tu si\u0119 wychowa\u0142em i dorasta\u0142em, tu za\u0142o\u017cy\u0142em rodzin\u0119 i teraz wychowuj\u0119 moje dzieci &#8211; Zosi\u0119 (14 lat) i Julka (8 lat).<\/p>\n<p><a href=\"https:\/\/zygnarowski.dkonto.pl\/index.php\/kilka-slow-o-mnie\/\" class=\"more-link\">Czytaj wi\u0119cej<span class=\"screen-reader-text\">Kilka s\u0142\u00f3w o mnie<\/span><\/a><\/p>\n","protected":false},"author":1,"featured_media":31,"parent":0,"menu_order":0,"comment_status":"closed","ping_status":"closed","template":"","meta":{"footnotes":""},"class_list":["post-188","page","type-page","status-publish","has-post-thumbnail","hentry"],"_links":{"self":[{"href":"https:\/\/zygnarowski.dkonto.pl\/index.php\/wp-json\/wp\/v2\/pages\/188","targetHints":{"allow":["GET"]}}],"collection":[{"href":"https:\/\/zygnarowski.dkonto.pl\/index.php\/wp-json\/wp\/v2\/pages"}],"about":[{"href":"https:\/\/zygnarowski.dkonto.pl\/index.php\/wp-json\/wp\/v2\/types\/page"}],"author":[{"embeddable":true,"href":"https:\/\/zygnarowski.dkonto.pl\/index.php\/wp-json\/wp\/v2\/users\/1"}],"replies":[{"embeddable":true,"href":"https:\/\/zygnarowski.dkonto.pl\/index.php\/wp-json\/wp\/v2\/comments?post=188"}],"version-history":[{"count":9,"href":"https:\/\/zygnarowski.dkonto.pl\/index.php\/wp-json\/wp\/v2\/pages\/188\/revisions"}],"predecessor-version":[{"id":388,"href":"https:\/\/zygnarowski.dkonto.pl\/index.php\/wp-json\/wp\/v2\/pages\/188\/revisions\/388"}],"wp:featuredmedia":[{"embeddable":true,"href":"https:\/\/zygnarowski.dkonto.pl\/index.php\/wp-json\/wp\/v2\/media\/31"}],"wp:attachment":[{"href":"https:\/\/zygnarowski.dkonto.pl\/index.php\/wp-json\/wp\/v2\/media?parent=188"}],"curies":[{"name":"wp","href":"https:\/\/api.w.org\/{rel}","templated":true}]}}