{"id":162,"date":"2022-01-25T19:35:34","date_gmt":"2022-01-25T18:35:34","guid":{"rendered":"http:\/\/zygnarowski.dkonto.pl\/?page_id=162"},"modified":"2022-02-19T23:30:23","modified_gmt":"2022-02-19T22:30:23","slug":"aktywnie-i-sportowo","status":"publish","type":"page","link":"https:\/\/zygnarowski.dkonto.pl\/index.php\/aktywnie-i-sportowo\/","title":{"rendered":"Aktywnie i sportowo"},"content":{"rendered":"\n<h2 class=\"has-text-align-center has-white-color has-dark-blue-background-color has-text-color has-background has-extra-small-font-size wp-block-heading\" id=\"zarzadzanie-sportem-i-rekreacja\" style=\"font-style:normal;font-weight:500;text-transform:uppercase\"><strong>zARZ\u0104DZANIE SPORTEM I REKREACJ\u0104<\/strong><\/h2>\n\n\n<p style=\"text-align: justify;\"><em>Powo\u0142amy Miejskiego Menad\u017cera Sportu, odpowiedzialnego za zarz\u0105dzaniem obiektami miejskimi, pla\u017c\u0105 i parkami, promocj\u0119 sportow\u0105 miasta oraz organizacj\u0119 imprez sportowych i rekreacyjnych. <\/em><\/p>\n\n\n<h5 class=\"has-red-color has-text-color wp-block-heading\" id=\"komentarz-burmistrza\">Komentarz Burmistrza:<\/h5>\n\n\n\n<p class=\"has-red-color has-light-gray-background-color has-text-color has-background\">Tutaj komentarz Burmistrza co uda\u0142o si\u0119 do tej pory zrealizowa\u0107. Tutaj komentarz Burmistrza co uda\u0142o si\u0119 do tej pory zrealizowa\u0107. Tutaj komentarz Burmistrza co uda\u0142o si\u0119 do tej pory zrealizowa\u0107. Tutaj komentarz Burmistrza co uda\u0142o si\u0119 do tej pory zrealizowa\u0107. <\/p>\n\n\n\n<h2 class=\"has-text-align-center has-white-color has-dark-blue-background-color has-text-color has-background has-extra-small-font-size wp-block-heading\" id=\"obiekty-sportowe\" style=\"font-style:normal;font-weight:500\"><strong>OBIEKTY SPORTOWE<\/strong><\/h2>\n\n\n<p style=\"text-align: justify;\"><em>Zwi\u0119kszymy ich dost\u0119pno\u015b\u0107 oraz uregulujemy zasady korzystania z nich. Uruchomimy elektroniczny system rezerwacji obiekt\u00f3w sportowych.<\/em><\/p>\n<p style=\"text-align: justify;\"><em>P\u0142ywalnia miejska rozszerzy swoj\u0105 ofert\u0119 o dodatkow\u0105 stref\u0119 SPA zach\u0119caj\u0105c\u0105 do korzystania z obiektu przez ca\u0142e rodziny.<\/em><\/p>\n\n\n<h5 class=\"has-red-color has-text-color wp-block-heading\" id=\"komentarz-burmistrza\">Komentarz Burmistrza:<\/h5>\n\n\n\n<p class=\"has-red-color has-light-gray-background-color has-text-color has-background\">Tutaj komentarz Burmistrza co uda\u0142o si\u0119 do tej pory zrealizowa\u0107. Tutaj komentarz Burmistrza co uda\u0142o si\u0119 do tej pory zrealizowa\u0107. Tutaj komentarz Burmistrza co uda\u0142o si\u0119 do tej pory zrealizowa\u0107. Tutaj komentarz Burmistrza co uda\u0142o si\u0119 do tej pory zrealizowa\u0107. <\/p>\n\n\n\n<h2 class=\"has-text-align-center has-white-color has-dark-blue-background-color has-text-color has-background has-extra-small-font-size wp-block-heading\" id=\"gora-zamkowa-plaza-miejska-parki-1\" style=\"font-style:normal;font-weight:500\"><strong>G\u00d3RA ZAMKOWA, PLA\u017bA MIEJSKA, PARKI<\/strong><\/h2>\n\n\n<p><em>G\u00f3ra Zamkowa i pla\u017ca przy Jeziorze Zamkowym stan\u0105 si\u0119 istotnymi miejscami wypoczynku mieszka\u0144c\u00f3w. Powstan\u0105 tu miejsca spotka\u0144 i infrastruktura sprzyjaj\u0105ca wypoczynkowi na \u015bwie\u017cym powietrzu.&nbsp; Organizowane b\u0119d\u0105 imprezy plenerowe dla ca\u0142ych rodzin, np.: \u015bniadania na trawie, pikniki rodzinne itp.<\/em><\/p>\n<p>W zwi\u0105zku z niedostatkiem infrastruktury wypoczynkowej utworzone i zagospodarowane zostan\u0105 kolejne parki miejskie, np. przy ul. \u017beromskiego, Wolno\u015bci, Mickiewicza oraz pla\u017ca przy Jeziorze Frydek.<\/p>\n\n\n<h5 class=\"has-red-color has-text-color wp-block-heading\" id=\"komentarz-burmistrza\">Komentarz Burmistrza:<\/h5>\n\n\n\n<p class=\"has-red-color has-light-gray-background-color has-text-color has-background\">Tutaj komentarz Burmistrza co uda\u0142o si\u0119 do tej pory zrealizowa\u0107. Tutaj komentarz Burmistrza co uda\u0142o si\u0119 do tej pory zrealizowa\u0107. Tutaj komentarz Burmistrza co uda\u0142o si\u0119 do tej pory zrealizowa\u0107. Tutaj komentarz Burmistrza co uda\u0142o si\u0119 do tej pory zrealizowa\u0107. <\/p>\n\n\n\n<h2 class=\"has-text-align-center has-white-color has-dark-blue-background-color has-text-color has-background has-extra-small-font-size wp-block-heading\" id=\"strategia-rozwoju-sieci-rowerowej\" style=\"font-style:normal;font-weight:500\"><strong>STRATEGIA ROZWOJU SIECI ROWEROWEJ<\/strong><\/h2>\n\n\n<p style=\"text-align: justify;\"><em>W\u0105brzeska sie\u0107 rowerowa zostanie po\u0142\u0105czona. Powo\u0142ana zostanie grupa doradcza, kt\u00f3ra b\u0119dzie uczestniczy\u0107 w tworzeniu strategii rozwoju sieci rowerowej w mie\u015bcie. <\/em><br \/><em>Przedsi\u0119wzi\u0119cie ma na celu budow\u0119 sp\u00f3jnego systemu, kt\u00f3ry umo\u017cliwi przemieszczenie si\u0119 mieszka\u0144com po terenie ca\u0142ego miasta bezpiecznymi drogami rowerowymi. <\/em><br \/><em>Priorytetem b\u0119dzie umo\u017cliwienie dzieciom bezpiecznego dojazdu do szk\u00f3\u0142 z ka\u017cdego osiedla w mie\u015bcie. W chwili obecnej przy \u017cadnej szkole i przedszkolu w W\u0105brze\u017anie nie ma \u015bcie\u017cek rowerowych.<\/em><\/p>\n\n\n<h5 class=\"has-red-color has-text-color wp-block-heading\" id=\"komentarz-burmistrza\">Komentarz Burmistrza:<\/h5>\n\n\n\n<p class=\"has-red-color has-light-gray-background-color has-text-color has-background\">Tutaj komentarz Burmistrza co uda\u0142o si\u0119 do tej pory zrealizowa\u0107. Tutaj komentarz Burmistrza co uda\u0142o si\u0119 do tej pory zrealizowa\u0107. Tutaj komentarz Burmistrza co uda\u0142o si\u0119 do tej pory zrealizowa\u0107. Tutaj komentarz Burmistrza co uda\u0142o si\u0119 do tej pory zrealizowa\u0107. <\/p>\n\n\n\n<h2 class=\"has-text-align-center has-white-color has-dark-blue-background-color has-text-color has-background has-extra-small-font-size wp-block-heading\" id=\"gora-zamkowa-plaza-miejska-parki\" style=\"font-style:normal;font-weight:500\"><strong>ROWER MIEJSKI<\/strong><\/h2>\n\n\n<p><em>Uruchomimy miejsk\u0105 wypo\u017cyczalni\u0119 rower\u00f3w, kt\u00f3ra pozwoli mieszka\u0144com na wygodne, szybkie, zdrowe i ekologiczne przemieszczanie si\u0119 w mie\u015bcie.<\/em><\/p>\n\n\n<h5 class=\"has-red-color has-text-color wp-block-heading\" id=\"komentarz-burmistrza\">Komentarz Burmistrza:<\/h5>\n\n\n\n<p class=\"has-red-color has-light-gray-background-color has-text-color has-background\">Tutaj komentarz Burmistrza co uda\u0142o si\u0119 do tej pory zrealizowa\u0107. Tutaj komentarz Burmistrza co uda\u0142o si\u0119 do tej pory zrealizowa\u0107. Tutaj komentarz Burmistrza co uda\u0142o si\u0119 do tej pory zrealizowa\u0107. Tutaj komentarz Burmistrza co uda\u0142o si\u0119 do tej pory zrealizowa\u0107. <\/p>\n\n\n\n<h2 class=\"has-text-align-center has-white-color has-dark-blue-background-color has-text-color has-background has-extra-small-font-size wp-block-heading\" id=\"gora-zamkowa-plaza-miejska-parki\" style=\"font-style:normal;font-weight:500\"><strong>FUNKCJONOWANIE I ROZBUDOWA STADIONU MIEJSKIEGO<\/strong><\/h2>\n\n\n<p style=\"text-align: justify;\"><em>W 2019 roku oddany do u\u017cytku zostanie nowoczesny stadion lekkoatletyczny. Po zako\u0144czeniu budowy wprowadzimy nowy system organizacji sportu w mie\u015bcie uwzgl\u0119dniaj\u0105cy zwi\u0119kszenie nacisku i nak\u0142ad\u00f3w na rozw\u00f3j nowych dziedzin sportu, organizacji szeregu imprez sportowych oraz wielokierunkowe wykorzystanie obiektu. <\/em><\/p>\n\n\n<h5 class=\"has-red-color has-text-color wp-block-heading\" id=\"komentarz-burmistrza\">Komentarz Burmistrza:<\/h5>\n\n\n\n<p class=\"has-red-color has-light-gray-background-color has-text-color has-background\">Tutaj komentarz Burmistrza co uda\u0142o si\u0119 do tej pory zrealizowa\u0107. Tutaj komentarz Burmistrza co uda\u0142o si\u0119 do tej pory zrealizowa\u0107. Tutaj komentarz Burmistrza co uda\u0142o si\u0119 do tej pory zrealizowa\u0107. Tutaj komentarz Burmistrza co uda\u0142o si\u0119 do tej pory zrealizowa\u0107. <\/p>\n\n\n\n<h2 class=\"has-text-align-center has-white-color has-dark-blue-background-color has-text-color has-background has-extra-small-font-size wp-block-heading\" id=\"gora-zamkowa-plaza-miejska-parki\" style=\"font-style:normal;font-weight:500\"><strong>PLAC JANA PAW\u0141A II I STAR\u00d3WKA<\/strong><\/h2>\n\n\n<p style=\"text-align: justify;\"><em>W\u0105brzeska Star\u00f3wka stanie si\u0119 pere\u0142k\u0105 Miasta i wizyt\u00f3wk\u0105 regionu. B\u0119dzie t\u0119tni\u0142a \u017cyciem. Plac zostanie wyposa\u017cony w obiekty, kt\u00f3re zach\u0119c\u0105 do przebywania tutaj zar\u00f3wno rodziny z dzie\u0107mi jak i senior\u00f3w. Powstan\u0105 mobilne-okresowe atrakcje dla najm\u0142odszych, jak i miejsca wypoczynku dla rodzic\u00f3w i senior\u00f3w.<\/em><\/p>\n<p style=\"text-align: justify;\">Zostanie wprowadzona zmiana organizacji ruchu po\u0142\u0105czona z ograniczeniem ruchu i parkowania pojazd\u00f3w w niekt\u00f3rych cz\u0119\u015bciach.<\/p>\n<p style=\"text-align: justify;\">W\u0105brzeska Star\u00f3wka stanie si\u0119 miejscem kwitn\u0105cym rekreacyjnie, gospodarczo i kulturalnie. Organizowane tu b\u0119d\u0105 festiwale, spotkania, \u201eDni Miasta\u201d oraz inne imprezy.<\/p>\n<p style=\"text-align: justify;\">Wzrost odwiedzaj\u0105cych Star\u00f3wk\u0119 wynikaj\u0105cy z podniesienia poziomu bezpiecze\u0144stwa i poczucia komfortu oraz zwi\u0119kszonej liczby atrakcji wp\u0142ynie znacz\u0105co na lokaln\u0105 gospodark\u0119 i \u201ema\u0142y\u201d biznes.<\/p>\n\n\n<h5 class=\"has-red-color has-text-color wp-block-heading\" id=\"komentarz-burmistrza\">Komentarz Burmistrza:<\/h5>\n\n\n\n<p class=\"has-red-color has-light-gray-background-color has-text-color has-background\">Tutaj komentarz Burmistrza co uda\u0142o si\u0119 do tej pory zrealizowa\u0107. Tutaj komentarz Burmistrza co uda\u0142o si\u0119 do tej pory zrealizowa\u0107. Tutaj komentarz Burmistrza co uda\u0142o si\u0119 do tej pory zrealizowa\u0107. Tutaj komentarz Burmistrza co uda\u0142o si\u0119 do tej pory zrealizowa\u0107. <\/p>\n\n\n\n<h2 class=\"has-text-align-center has-white-color has-dark-blue-background-color has-text-color has-background has-extra-small-font-size wp-block-heading\" id=\"gora-zamkowa-plaza-miejska-parki\" style=\"font-style:normal;font-weight:500\"><strong>MIEJSCA SPOTKA\u0143 DLA CA\u0141YCH RODZIN<\/strong><\/h2>\n\n\n<p style=\"text-align: justify;\"><em>Opr\u00f3cz miejsc spotka\u0144 i ma\u0142ej architektury na terenie Podzamcza i park\u00f3w miejskich powstan\u0105 miejsca spotka\u0144 umo\u017cliwiaj\u0105ce wygodne i komfortowe spotkania \u201epoza domem\u201d w r\u00f3\u017cnych cz\u0119\u015bciach miasta. Obiekty b\u0119d\u0105 dostosowane do potrzeb wszystkich grup wiekowych.<\/em><\/p>\n<p style=\"text-align: justify;\"><em>Ponadto powstan\u0105 pojedyncze miejsca odpoczynkowe przy g\u0142\u00f3wnych ulicach miasta, czy czytelnie plenerowe.<\/em><\/p>\n\n\n<h5 class=\"has-red-color has-text-color wp-block-heading\" id=\"komentarz-burmistrza\">Komentarz Burmistrza:<\/h5>\n\n\n\n<p class=\"has-red-color has-light-gray-background-color has-text-color has-background\">Tutaj komentarz Burmistrza co uda\u0142o si\u0119 do tej pory zrealizowa\u0107. Tutaj komentarz Burmistrza co uda\u0142o si\u0119 do tej pory zrealizowa\u0107. Tutaj komentarz Burmistrza co uda\u0142o si\u0119 do tej pory zrealizowa\u0107. Tutaj komentarz Burmistrza co uda\u0142o si\u0119 do tej pory zrealizowa\u0107. <\/p>\n\n\n\n<h2 class=\"has-text-align-center has-white-color has-dark-blue-background-color has-text-color has-background has-extra-small-font-size wp-block-heading\" id=\"gora-zamkowa-plaza-miejska-parki\" style=\"font-style:normal;font-weight:500\"><strong>DZIA\u0141ALNO\u015aCI AMFITEATRU<\/strong><\/h2>\n\n\n<p style=\"text-align: justify;\"><em>Oddany do u\u017cytku w roku 2018 nowy amfiteatr stanie miejscem spotka\u0144 i wypoczynku mieszka\u0144c\u00f3w Miasta. Du\u017c\u0105 rol\u0119 w wykorzystaniu obiektu odegraj\u0105 miejskie organizacje pozarz\u0105dowe, kt\u00f3re pomog\u0105 wype\u0142ni\u0107 kalendarz imprez miejskich wydarzeniami organizowanymi w miejskim amfiteatrze. W po\u0142\u0105czeniu z przebudowan\u0105 pla\u017c\u0105 miejsk\u0105 obiekt stanie si\u0119 centrum kulturalnym i rozrywkowym miasta na kilka miesi\u0119cy w roku.<\/em><\/p>\n\n\n<h5 class=\"has-red-color has-text-color wp-block-heading\" id=\"komentarz-burmistrza\">Komentarz Burmistrza:<\/h5>\n\n\n\n<p class=\"has-red-color has-light-gray-background-color has-text-color has-background\">Tutaj komentarz Burmistrza co uda\u0142o si\u0119 do tej pory zrealizowa\u0107. Tutaj komentarz Burmistrza co uda\u0142o si\u0119 do tej pory zrealizowa\u0107. Tutaj komentarz Burmistrza co uda\u0142o si\u0119 do tej pory zrealizowa\u0107. Tutaj komentarz Burmistrza co uda\u0142o si\u0119 do tej pory zrealizowa\u0107. <\/p>\n","protected":false},"excerpt":{"rendered":"<p>zARZ\u0104DZANIE SPORTEM I REKREACJ\u0104 Powo\u0142amy Miejskiego Menad\u017cera Sportu, odpowiedzialnego za zarz\u0105dzaniem obiektami miejskimi, pla\u017c\u0105 i parkami, promocj\u0119 sportow\u0105 miasta oraz organizacj\u0119 imprez sportowych i rekreacyjnych. Komentarz Burmistrza: Tutaj komentarz Burmistrza co uda\u0142o si\u0119 do tej<\/p>\n<p><a href=\"https:\/\/zygnarowski.dkonto.pl\/index.php\/aktywnie-i-sportowo\/\" class=\"more-link\">Czytaj wi\u0119cej<span class=\"screen-reader-text\">Aktywnie i sportowo<\/span><\/a><\/p>\n","protected":false},"author":1,"featured_media":163,"parent":0,"menu_order":0,"comment_status":"closed","ping_status":"closed","template":"","meta":{"footnotes":""},"class_list":["post-162","page","type-page","status-publish","has-post-thumbnail","hentry"],"_links":{"self":[{"href":"https:\/\/zygnarowski.dkonto.pl\/index.php\/wp-json\/wp\/v2\/pages\/162","targetHints":{"allow":["GET"]}}],"collection":[{"href":"https:\/\/zygnarowski.dkonto.pl\/index.php\/wp-json\/wp\/v2\/pages"}],"about":[{"href":"https:\/\/zygnarowski.dkonto.pl\/index.php\/wp-json\/wp\/v2\/types\/page"}],"author":[{"embeddable":true,"href":"https:\/\/zygnarowski.dkonto.pl\/index.php\/wp-json\/wp\/v2\/users\/1"}],"replies":[{"embeddable":true,"href":"https:\/\/zygnarowski.dkonto.pl\/index.php\/wp-json\/wp\/v2\/comments?post=162"}],"version-history":[{"count":3,"href":"https:\/\/zygnarowski.dkonto.pl\/index.php\/wp-json\/wp\/v2\/pages\/162\/revisions"}],"predecessor-version":[{"id":559,"href":"https:\/\/zygnarowski.dkonto.pl\/index.php\/wp-json\/wp\/v2\/pages\/162\/revisions\/559"}],"wp:featuredmedia":[{"embeddable":true,"href":"https:\/\/zygnarowski.dkonto.pl\/index.php\/wp-json\/wp\/v2\/media\/163"}],"wp:attachment":[{"href":"https:\/\/zygnarowski.dkonto.pl\/index.php\/wp-json\/wp\/v2\/media?parent=162"}],"curies":[{"name":"wp","href":"https:\/\/api.w.org\/{rel}","templated":true}]}}