{"id":150,"date":"2022-01-25T19:21:58","date_gmt":"2022-01-25T18:21:58","guid":{"rendered":"http:\/\/zygnarowski.dkonto.pl\/?page_id=150"},"modified":"2022-02-19T23:17:27","modified_gmt":"2022-02-19T22:17:27","slug":"nowoczesna-edukacja","status":"publish","type":"page","link":"https:\/\/zygnarowski.dkonto.pl\/index.php\/nowoczesna-edukacja\/","title":{"rendered":"Nowoczesna edukacja"},"content":{"rendered":"\n<h2 class=\"has-text-align-center has-white-color has-dark-blue-background-color has-text-color has-background has-extra-small-font-size wp-block-heading\" id=\"udzial-dzieci-w-zyciu-miasta-1\" style=\"font-style:normal;font-weight:500;text-transform:uppercase\"><strong>UDZIA\u0141 DZIECI W \u017bYCIU MIASTA<\/strong><\/h2>\n\n\n<p style=\"text-align: justify;\"><em>Zaanga\u017cujemy dzieci w \u017cycie i projektowanie miasta. Powstanie Dzieci\u0119cy Bud\u017cet Obywatelski i M\u0142odzie\u017cowa Rada Miasta. Dzieci i m\u0142odzie\u017c b\u0119d\u0105 mog\u0142y zmienia\u0107 swoje otoczenie i realizowa\u0107 pomys\u0142y. Stworzymy stabilny fundament spo\u0142ecze\u0144stwa obywatelskiego w kolejnych latach. <\/em><\/p>\n<p><em>Najm\u0142odszych czynnie w\u0142\u0105czymy w proces projektowania plac\u00f3w zabaw, \u015bcie\u017cek rowerowych, dr\u00f3g do szko\u0142y. Wykorzystamy do tego aplikacj\u0119 multimedialn\u0105.<\/em><\/p>\n\n\n<h5 class=\"has-red-color has-text-color wp-block-heading\" id=\"komentarz-burmistrza\">Komentarz Burmistrza:<\/h5>\n\n\n\n<p class=\"has-red-color has-light-gray-background-color has-text-color has-background\">Tutaj komentarz Burmistrza co uda\u0142o si\u0119 do tej pory zrealizowa\u0107. Tutaj komentarz Burmistrza co uda\u0142o si\u0119 do tej pory zrealizowa\u0107. Tutaj komentarz Burmistrza co uda\u0142o si\u0119 do tej pory zrealizowa\u0107. Tutaj komentarz Burmistrza co uda\u0142o si\u0119 do tej pory zrealizowa\u0107. <\/p>\n\n\n\n<h2 class=\"has-text-align-center has-white-color has-dark-blue-background-color has-text-color has-background has-extra-small-font-size wp-block-heading\" id=\"szkola-to-nie-fabryka\" style=\"font-style:normal;font-weight:500\"><strong>SZKO\u0141A TO NIE FABRYKA<\/strong><\/h2>\n\n\n<p style=\"text-align: justify;\"><em>Zmienimy podej\u015bcie samorz\u0105du do o\u015bwiaty. Szko\u0142a to nie fabryka a dzieci to nie produkty. Tu nie liczy si\u0119 efekt finansowy tylko jako\u015b\u0107 nauczania i \u015bwiadomo\u015b\u0107 oraz poczucie warto\u015bci u dzieci. Wprowadzimy zasady, kt\u00f3re sprawi\u0105, \u017ce mury w\u0105brzeskich szk\u00f3\u0142 b\u0119d\u0105 opuszcza\u0142y dzieci odwa\u017cne i pewne o swojej konkurencyjno\u015bci i atrakcyjno\u015bci.<\/em><\/p>\n\n\n<h5 class=\"has-red-color has-text-color wp-block-heading\" id=\"komentarz-burmistrza\">Komentarz Burmistrza:<\/h5>\n\n\n\n<p class=\"has-red-color has-light-gray-background-color has-text-color has-background\">Tutaj komentarz Burmistrza co uda\u0142o si\u0119 do tej pory zrealizowa\u0107. Tutaj komentarz Burmistrza co uda\u0142o si\u0119 do tej pory zrealizowa\u0107. Tutaj komentarz Burmistrza co uda\u0142o si\u0119 do tej pory zrealizowa\u0107. Tutaj komentarz Burmistrza co uda\u0142o si\u0119 do tej pory zrealizowa\u0107. <\/p>\n\n\n\n<h2 class=\"has-text-align-center has-white-color has-dark-blue-background-color has-text-color has-background has-extra-small-font-size wp-block-heading\" id=\"wabrzeski-uniwersytet-dzieciecy\" style=\"font-style:normal;font-weight:500\"><strong>W\u0104BRZESKI UNIWERSYTET DZIECI\u0118CY<\/strong><\/h2>\n\n\n<p style=\"text-align: justify;\"><em>Nawi\u0105zuj\u0105c wsp\u00f3\u0142prac\u0119 z uczelniami wy\u017cszymi z s\u0105siednich, wi\u0119kszych miast uruchomimy W\u0105brzeski Uniwersytet Dzieci\u0119cy. Zaj\u0119cia odbywa\u0142y b\u0119d\u0105 si\u0119 cyklicznie i prowadzone b\u0119d\u0105 przez kadr\u0119 uczelni. Dzieci otrzymaj\u0105 indeksy oraz dyplomy uko\u0144czenia uczelni. Podobne formy edukacji sprawdzi\u0142y si\u0119 w wielu polskich miastach.<\/em><\/p>\n\n\n<h5 class=\"has-red-color has-text-color wp-block-heading\" id=\"komentarz-burmistrza\">Komentarz Burmistrza:<\/h5>\n\n\n\n<p class=\"has-red-color has-light-gray-background-color has-text-color has-background\">Tutaj komentarz Burmistrza co uda\u0142o si\u0119 do tej pory zrealizowa\u0107. Tutaj komentarz Burmistrza co uda\u0142o si\u0119 do tej pory zrealizowa\u0107. Tutaj komentarz Burmistrza co uda\u0142o si\u0119 do tej pory zrealizowa\u0107. Tutaj komentarz Burmistrza co uda\u0142o si\u0119 do tej pory zrealizowa\u0107. <\/p>\n\n\n\n<h2 class=\"has-text-align-center has-white-color has-dark-blue-background-color has-text-color has-background has-extra-small-font-size wp-block-heading\" id=\"remonty-i-doposazenie-obiektow-edukacyjnych\" style=\"font-style:normal;font-weight:500\"><strong>REMONTY I DOPOSA\u017bENIE OBIEKT\u00d3W EDUKACYJNYCH<\/strong><\/h2>\n\n\n<p style=\"text-align: justify;\"><em>Skorzystamy z obecnych mo\u017cliwo\u015bci pozyskania zewn\u0119trznych \u017ar\u00f3de\u0142 dofinansowania na edukacj\u0119. Doposa\u017cymy i wyremontujemy szko\u0142y, co sprawi, \u017ce nasze dzieci b\u0119d\u0105 si\u0119 uczy\u0107 w nowoczesnej i przyjaznej przestrzeni.<\/em><\/p>\n<p style=\"text-align: justify;\"><em>Odnowimy \u201ewn\u0119trze\u201d przedszkola miejskiego. Zagospodarujemy teren wok\u00f3\u0142 przedszkola przy ul. \u017beromskiego. Powstanie tam nowoczesny, edukacyjny plac zabaw.<\/em><\/p>\n\n\n<h5 class=\"has-red-color has-text-color wp-block-heading\" id=\"komentarz-burmistrza\">Komentarz Burmistrza:<\/h5>\n\n\n\n<p class=\"has-red-color has-light-gray-background-color has-text-color has-background\">Tutaj komentarz Burmistrza co uda\u0142o si\u0119 do tej pory zrealizowa\u0107. Tutaj komentarz Burmistrza co uda\u0142o si\u0119 do tej pory zrealizowa\u0107. Tutaj komentarz Burmistrza co uda\u0142o si\u0119 do tej pory zrealizowa\u0107. Tutaj komentarz Burmistrza co uda\u0142o si\u0119 do tej pory zrealizowa\u0107. <\/p>\n\n\n\n<h2 class=\"has-text-align-center has-white-color has-dark-blue-background-color has-text-color has-background has-extra-small-font-size wp-block-heading\" id=\"gora-zamkowa-plaza-miejska-parki\" style=\"font-style:normal;font-weight:500\"><strong>KOMUNIKACJA &#8220;DZIECKO-RODZIC-SZKO\u0141A&#8221;<\/strong><\/h2>\n\n\n<p style=\"text-align: justify;\"><em>Podstaw\u0105 zdiagnozowania potrzeb dzieci jest komunikacja. Uruchomimy mechanizmy cyklicznych spotka\u0144 z dzie\u0107mi i rodzicami. Nowoczesne metody ankieterskie oraz atrakcyjne formu\u0142y spotka\u0144 z dzie\u0107mi i rodzicami pozwol\u0105 na opracowanie najlepszej \u015bcie\u017cki rozwoju dzieci.<\/em><\/p>\n\n\n<h5 class=\"has-red-color has-text-color wp-block-heading\" id=\"komentarz-burmistrza\">Komentarz Burmistrza:<\/h5>\n\n\n\n<p class=\"has-red-color has-light-gray-background-color has-text-color has-background\">Tutaj komentarz Burmistrza co uda\u0142o si\u0119 do tej pory zrealizowa\u0107. Tutaj komentarz Burmistrza co uda\u0142o si\u0119 do tej pory zrealizowa\u0107. Tutaj komentarz Burmistrza co uda\u0142o si\u0119 do tej pory zrealizowa\u0107. Tutaj komentarz Burmistrza co uda\u0142o si\u0119 do tej pory zrealizowa\u0107. <\/p>\n","protected":false},"excerpt":{"rendered":"<p>UDZIA\u0141 DZIECI W \u017bYCIU MIASTA Zaanga\u017cujemy dzieci w \u017cycie i projektowanie miasta. Powstanie Dzieci\u0119cy Bud\u017cet Obywatelski i M\u0142odzie\u017cowa Rada Miasta. Dzieci i m\u0142odzie\u017c b\u0119d\u0105 mog\u0142y zmienia\u0107 swoje otoczenie i realizowa\u0107 pomys\u0142y. Stworzymy stabilny fundament spo\u0142ecze\u0144stwa<\/p>\n<p><a href=\"https:\/\/zygnarowski.dkonto.pl\/index.php\/nowoczesna-edukacja\/\" class=\"more-link\">Czytaj wi\u0119cej<span class=\"screen-reader-text\">Nowoczesna edukacja<\/span><\/a><\/p>\n","protected":false},"author":1,"featured_media":161,"parent":0,"menu_order":0,"comment_status":"closed","ping_status":"closed","template":"","meta":{"footnotes":""},"class_list":["post-150","page","type-page","status-publish","has-post-thumbnail","hentry"],"_links":{"self":[{"href":"https:\/\/zygnarowski.dkonto.pl\/index.php\/wp-json\/wp\/v2\/pages\/150","targetHints":{"allow":["GET"]}}],"collection":[{"href":"https:\/\/zygnarowski.dkonto.pl\/index.php\/wp-json\/wp\/v2\/pages"}],"about":[{"href":"https:\/\/zygnarowski.dkonto.pl\/index.php\/wp-json\/wp\/v2\/types\/page"}],"author":[{"embeddable":true,"href":"https:\/\/zygnarowski.dkonto.pl\/index.php\/wp-json\/wp\/v2\/users\/1"}],"replies":[{"embeddable":true,"href":"https:\/\/zygnarowski.dkonto.pl\/index.php\/wp-json\/wp\/v2\/comments?post=150"}],"version-history":[{"count":3,"href":"https:\/\/zygnarowski.dkonto.pl\/index.php\/wp-json\/wp\/v2\/pages\/150\/revisions"}],"predecessor-version":[{"id":556,"href":"https:\/\/zygnarowski.dkonto.pl\/index.php\/wp-json\/wp\/v2\/pages\/150\/revisions\/556"}],"wp:featuredmedia":[{"embeddable":true,"href":"https:\/\/zygnarowski.dkonto.pl\/index.php\/wp-json\/wp\/v2\/media\/161"}],"wp:attachment":[{"href":"https:\/\/zygnarowski.dkonto.pl\/index.php\/wp-json\/wp\/v2\/media?parent=150"}],"curies":[{"name":"wp","href":"https:\/\/api.w.org\/{rel}","templated":true}]}}